{"id":25279,"date":"2025-03-20T16:55:21","date_gmt":"2025-03-20T19:55:21","guid":{"rendered":"https:\/\/higra.com.br\/codigo-etico-y-de-conducta\/"},"modified":"2025-07-07T11:08:01","modified_gmt":"2025-07-07T14:08:01","slug":"codigo-etico-y-de-conducta","status":"publish","type":"page","link":"https:\/\/higra.com.br\/es\/codigo-etico-y-de-conducta\/","title":{"rendered":"C\u00f3digo \u00c9tico y de Conducta"},"content":{"rendered":"\t\t<div data-elementor-type=\"wp-page\" data-elementor-id=\"25279\" class=\"elementor elementor-25279 elementor-23506\" data-elementor-post-type=\"page\">\n\t\t\t\t<div class=\"elementor-element elementor-element-c1bbd77 e-flex e-con-boxed e-con e-parent\" data-id=\"c1bbd77\" data-element_type=\"container\" data-e-type=\"container\">\n\t\t\t\t\t<div class=\"e-con-inner\">\n\t\t\t\t<div class=\"elementor-element elementor-element-190953d elementor-widget elementor-widget-heading\" data-id=\"190953d\" data-element_type=\"widget\" data-e-type=\"widget\" data-widget_type=\"heading.default\">\n\t\t\t\t<div class=\"elementor-widget-container\">\n\t\t\t\t\t<h1 class=\"elementor-heading-title elementor-size-default\">C\u00f3digo \u00c9tico y de Conducta<\/h1>\t\t\t\t<\/div>\n\t\t\t\t<\/div>\n\t\t\t\t<div class=\"elementor-element elementor-element-4d15641 elementor-widget elementor-widget-text-editor\" data-id=\"4d15641\" data-element_type=\"widget\" data-e-type=\"widget\" data-widget_type=\"text-editor.default\">\n\t\t\t\t<div class=\"elementor-widget-container\">\n\t\t\t\t\t\t\t\t\t<p>En HIGRA creemos que la integridad, la transparencia y el respeto son pilares fundamentales para el \u00e9xito y la sostenibilidad de nuestro negocio. Nuestro <strong>C\u00f3digo \u00c9tico y de Conducta<\/strong> refleja los valores que gu\u00edan nuestras acciones, decisiones y relaciones, tanto internamente como con nuestros clientes, socios y la sociedad en general. <\/p><p><br><\/p><p style=\"font-style: normal; font-variant-ligatures: normal; font-variant-caps: normal; font-weight: 400; font-size: 16px; font-family: Poppins, sans-serif;\">Este documento es m\u00e1s que un conjunto de normas; es un compromiso con la excelencia, la responsabilidad y la construcci\u00f3n de un entorno de trabajo \u00e9tico y colaborativo. Aqu\u00ed encontrar\u00e1s las directrices que gu\u00edan nuestro comportamiento, garantizando que todos en HIGRA actuamos de forma \u00e9tica, profesional y en l\u00ednea con nuestros principios. <\/p><p style=\"font-style: normal; font-variant-ligatures: normal; font-variant-caps: normal; font-weight: 400; font-size: 16px; font-family: Poppins, sans-serif;\"><br><\/p><p style=\"font-style: normal; font-variant-ligatures: normal; font-variant-caps: normal; font-weight: 400; font-size: 16px; font-family: Poppins, sans-serif;\">Para descargar el C\u00f3digo \u00c9tico y de Conducta de HIGRA, haz clic en el bot\u00f3n de abajo.<\/p>\t\t\t\t\t\t\t\t<\/div>\n\t\t\t\t<\/div>\n\t\t\t\t<div class=\"elementor-element elementor-element-98665ea elementor-widget elementor-widget-button\" data-id=\"98665ea\" data-element_type=\"widget\" data-e-type=\"widget\" data-widget_type=\"button.default\">\n\t\t\t\t<div class=\"elementor-widget-container\">\n\t\t\t\t\t\t\t\t\t<div class=\"elementor-button-wrapper\">\n\t\t\t\t\t<a class=\"elementor-button elementor-button-link elementor-size-sm\" href=\"https:\/\/higra.com.br\/wp-content\/uploads\/2025\/03\/Codigo-de-Etica-e-Conduta.pdf\">\n\t\t\t\t\t\t<span class=\"elementor-button-content-wrapper\">\n\t\t\t\t\t\t\t\t\t<span class=\"elementor-button-text\">Descarga<\/span>\n\t\t\t\t\t<\/span>\n\t\t\t\t\t<\/a>\n\t\t\t\t<\/div>\n\t\t\t\t\t\t\t\t<\/div>\n\t\t\t\t<\/div>\n\t\t\t\t\t<\/div>\n\t\t\t\t<\/div>\n\t\t\t\t<\/div>\n\t\t","protected":false},"excerpt":{"rendered":"<p>C\u00f3digo \u00c9tico y de Conducta En HIGRA creemos que la integridad, la transparencia y el respeto son pilares fundamentales para el \u00e9xito y la sostenibilidad de nuestro negocio. Nuestro C\u00f3digo \u00c9tico y de Conducta refleja los valores que gu\u00edan nuestras acciones, decisiones y relaciones, tanto internamente como con nuestros clientes, socios y la sociedad en [&hellip;]<\/p>\n","protected":false},"author":7,"featured_media":0,"parent":0,"menu_order":0,"comment_status":"closed","ping_status":"closed","template":"","meta":{"footnotes":""},"class_list":["post-25279","page","type-page","status-publish","hentry"],"blocksy_meta":[],"_links":{"self":[{"href":"https:\/\/higra.com.br\/es\/wp-json\/wp\/v2\/pages\/25279","targetHints":{"allow":["GET"]}}],"collection":[{"href":"https:\/\/higra.com.br\/es\/wp-json\/wp\/v2\/pages"}],"about":[{"href":"https:\/\/higra.com.br\/es\/wp-json\/wp\/v2\/types\/page"}],"author":[{"embeddable":true,"href":"https:\/\/higra.com.br\/es\/wp-json\/wp\/v2\/users\/7"}],"replies":[{"embeddable":true,"href":"https:\/\/higra.com.br\/es\/wp-json\/wp\/v2\/comments?post=25279"}],"version-history":[{"count":1,"href":"https:\/\/higra.com.br\/es\/wp-json\/wp\/v2\/pages\/25279\/revisions"}],"predecessor-version":[{"id":25280,"href":"https:\/\/higra.com.br\/es\/wp-json\/wp\/v2\/pages\/25279\/revisions\/25280"}],"wp:attachment":[{"href":"https:\/\/higra.com.br\/es\/wp-json\/wp\/v2\/media?parent=25279"}],"curies":[{"name":"wp","href":"https:\/\/api.w.org\/{rel}","templated":true}]}}