{"id":25000,"date":"2024-03-20T14:55:38","date_gmt":"2024-03-20T17:55:38","guid":{"rendered":"https:\/\/higra.com.br\/prueba\/"},"modified":"2025-07-04T20:31:05","modified_gmt":"2025-07-04T23:31:05","slug":"prueba","status":"publish","type":"page","link":"https:\/\/higra.com.br\/es\/prueba\/","title":{"rendered":"Prueba"},"content":{"rendered":"\t\t<div data-elementor-type=\"wp-page\" data-elementor-id=\"25000\" class=\"elementor elementor-25000\" data-elementor-post-type=\"page\">\n\t\t\t\t<div class=\"elementor-element elementor-element-24c31a2 e-ecs-flex e-flex e-con-boxed e-con e-parent\" data-id=\"24c31a2\" data-element_type=\"container\" data-e-type=\"container\" data-settings=\"{&quot;ecs_container_type&quot;:&quot;flex&quot;}\">\n\t\t\t\t\t<div class=\"e-con-inner\">\n\t\t\t\t<div class=\"elementor-element elementor-element-2b4f265 elementor-widget elementor-widget-heading\" data-id=\"2b4f265\" data-element_type=\"widget\" data-e-type=\"widget\" data-widget_type=\"heading.default\">\n\t\t\t\t<div class=\"elementor-widget-container\">\n\t\t\t\t\t<h2 class=\"elementor-heading-title elementor-size-default\">P\u00e1gina de prueba<\/h2>\t\t\t\t<\/div>\n\t\t\t\t<\/div>\n\t\t\t\t<div class=\"elementor-element elementor-element-f8335ab elementor-widget elementor-widget-html\" data-id=\"f8335ab\" data-element_type=\"widget\" data-e-type=\"widget\" data-widget_type=\"html.default\">\n\t\t\t\t<div class=\"elementor-widget-container\">\n\t\t\t\t\t<link href=\"https:\/\/fonts.googleapis.com\/css2?family=Montserrat&amp;display=swap\" rel=\"stylesheet\">\r\n\r\n<style>\r\n  @media (max-width: 480px) {\r\n    #formPopup {\r\n      left: 0px !important;\r\n      width: 100vw !important;\r\n      max-height: 90vh !important;\r\n      border-radius: 10px !important;\r\n      overflow-y: auto !important;\r\n      top: unset !important;\r\n      bottom: 10px !important;\r\n    }\r\n  }\r\n<\/style>\r\n\r\n<div id=\"whatsAppBtn\" style=\"  position: fixed; bottom: 20px; left: 20px; z-index: 999999; background-color: #25D366; border-radius: 50%; width: 60px; height: 60px; box-shadow: 0 0 10px rgba(0,0,0,0.3); display: flex; align-items: center; justify-content: center; cursor: pointer; font-family: 'Montserrat', sans-serif;  \">\r\n  <img decoding=\"async\" src=\"https:\/\/upload.wikimedia.org\/wikipedia\/commons\/6\/6b\/WhatsApp.svg\" alt=\"WhatsApp\" style=\"width: 30px;\" title=\"\">\r\n<\/div>\r\n\r\n<div id=\"formPopup\" style=\"  display: none; position: fixed; bottom: 90px; left: 20px; z-index: 999999; width: calc(100vw - 40px); max-width: 396px; background-color: #f4f1eb; border-radius: 10px; box-shadow: 0 5px 15px rgba(0,0,0,0.3); font-family: 'Montserrat', sans-serif; box-sizing: border-box; overflow-y: auto; max-height: 90vh;  \">\r\n  <div id=\"formHeader\" style=\"background-color: #0d5c4b; color: white; padding: 20px; font-weight: bold; font-size: 14px; position: relative; border-radius: 10px 10px 0 0;\">\r\n    <\/div>\r\n\r\n  <div style=\"padding: 20px;\">\r\n    <form id=\"zapForm\">\r\n      <input type=\"text\" id=\"nome\" placeholder=\"\" required=\"\" style=\"box-sizing: border-box; width: 100%; padding: 10px; margin-bottom: 10px; border: 1px solid #ccc; border-radius: 4px; font-family: 'Montserrat', sans-serif; background-color: #fff;\">\r\n      <input type=\"email\" id=\"email\" placeholder=\"\" required=\"\" style=\"box-sizing: border-box; width: 100%; padding: 10px; margin-bottom: 10px; border: 1px solid #ccc; border-radius: 4px; font-family: 'Montserrat', sans-serif; background-color: #fff;\">\r\n      <div id=\"telefoneWrapper\">\r\n        <input type=\"tel\" id=\"telefone\" placeholder=\"\" required=\"\" style=\"box-sizing: border-box; width: 100%; padding: 10px; margin-bottom: 10px; border: 1px solid #ccc; border-radius: 4px; font-family: 'Montserrat', sans-serif; background-color: #fff;\">\r\n      <\/div>\r\n      <input type=\"text\" id=\"empresa\" placeholder=\"\" required=\"\" style=\"box-sizing: border-box; width: 100%; padding: 10px; margin-bottom: 10px; border: 1px solid #ccc; border-radius: 4px; font-family: 'Montserrat', sans-serif; background-color: #fff;\">\r\n      \r\n      <div id=\"locationFieldWrapper\"><\/div>\r\n\r\n      <textarea id=\"mensagem\" placeholder=\"\" rows=\"2\" required=\"\" style=\"box-sizing: border-box; width: 100%; padding: 10px; margin-bottom: 10px; border: 1px solid #ccc; border-radius: 4px; resize: vertical; font-family: 'Montserrat', sans-serif; background-color: #fff;\"><\/textarea>\r\n      \r\n      <label id=\"checkboxLabel\" style=\"font-size: 12px; display: flex; align-items: flex-start; gap: 5px; margin-bottom: 10px; font-family: 'Montserrat', sans-serif;\">\r\n        <\/label>\r\n\r\n      <p id=\"privacyText\" style=\"font-size: 11px; color: #555; margin-bottom: 15px; font-family: 'Montserrat', sans-serif;\">\r\n        <\/p>\r\n\r\n      <button type=\"submit\" id=\"submitBtn\" style=\"width: 100%; padding: 12px; background-color: #5cb85c; color: white; font-weight: bold; border: none; border-radius: 4px; cursor: pointer; font-family: 'Montserrat', sans-serif;\">\r\n        <\/button>\r\n    <\/form>\r\n  <\/div>\r\n<\/div>\r\n\r\n<script>\r\n  document.addEventListener('DOMContentLoaded', () => {\r\n    const textosPorIdioma = {\r\n      pt: {\r\n        header: \"Ol\u00e1! Preencha os campos abaixo para iniciar uma conversa ou solicitar or\u00e7amento no WhatsApp\",\r\n        placeholderNome: \"Nome *\",\r\n        placeholderEmail: \"Email *\",\r\n        placeholderTelefone: \"Telefone *\",\r\n        placeholderEmpresa: \"Empresa *\",\r\n        placeholderMensagem: \"Mensagem *\",\r\n        placeholderPais: \"Pa\u00eds *\",\r\n        placeholderEstado: \"Estado\",\r\n        consent: \"Eu concordo em receber conte\u00fados, not\u00edcias e novidades da Higra.\",\r\n        privacy: \"A nossa empresa est\u00e1 comprometida a proteger e respeitar sua privacidade, utilizaremos seus dados apenas para fins de marketing. Voc\u00ea pode alterar suas prefer\u00eancias a qualquer momento.\",\r\n        btn: \"CONVERSAR\",\r\n        alert: \"Por favor, preencha todos os campos obrigat\u00f3rios.\",\r\n        mensagemWhatsApp: (nome, empresa, email, telefone, localizacao, mensagem) =>\r\n          `Ol\u00e1! Meu nome \u00e9 ${nome}, da empresa ${empresa}. Email: ${email} | Telefone: ${telefone} | Localiza\u00e7\u00e3o: ${localizacao}. Mensagem: ${mensagem}`\r\n      },\r\n      en: {\r\n        header: \"Hello! Fill in the fields below to start a conversation or request a quote on Whatsapp.\",\r\n        placeholderNome: \"Name *\",\r\n        placeholderEmail: \"Email *\",\r\n        placeholderTelefone: \"Phone *\",\r\n        placeholderEmpresa: \"Company *\",\r\n        placeholderMensagem: \"Message *\",\r\n        placeholderPais: \"Country *\",\r\n        placeholderEstado: \"State\",\r\n        consent: \"I agree to receive content, news and updates from Higra.\",\r\n        privacy: \"Our company is committed to protecting and respecting your privacy. We will only use your data for marketing purposes. You can change your preferences at any time.\",\r\n        btn: \"CHAT\",\r\n        alert: \"Please fill in all required fields.\",\r\n        mensagemWhatsApp: (nome, empresa, email, telefone, localizacao, mensagem) =>\r\n          `Hi! My name is ${nome}, from the company ${empresa}. Email: ${email} | Phone: ${telefone} | Location: ${localizacao}. Message: ${mensagem}`\r\n      },\r\n      es: {\r\n        header: \"Rellene los campos siguientes para iniciar una conversaci\u00f3n o solicitar un presupuesto por whatsapp.\",\r\n        placeholderNome: \"Nombre *\",\r\n        placeholderEmail: \"Correo electr\u00f3nico *\",\r\n        placeholderTelefone: \"Tel\u00e9fono *\",\r\n        placeholderEmpresa: \"Empresa *\",\r\n        placeholderMensagem: \"Mensaje *\",\r\n        placeholderPais: \"Pa\u00eds *\",\r\n        placeholderEstado: \"Estado\",\r\n        consent: \"Acepto recibir contenidos, noticias y actualizaciones de Higra.\",\r\n        privacy: \"Nuestra empresa se compromete a proteger y respetar su privacidad, y solo utilizaremos sus datos con fines de marketing. Puedes cambiar tus preferencias en cualquier momento\",\r\n        btn: \"HABLAR\",\r\n        alert: \"Por favor, complete todos los campos obligatorios.\",\r\n        mensagemWhatsApp: (nome, empresa, email, telefone, localizacao, mensaje) =>\r\n          `\u00a1Hola! Mi nombre es ${nome}, de la empresa ${empresa}. Correo: ${email} | Tel\u00e9fono: ${telefone} | Ubicaci\u00f3n: ${localizacao}. Mensaje: ${mensaje}`\r\n      }\r\n    };\r\n\r\n    const whatsAppBtn = document.getElementById('whatsAppBtn');\r\n    const formPopup = document.getElementById('formPopup');\r\n    const path = window.location.pathname;\r\n    const locationWrapper = document.getElementById('locationFieldWrapper');\r\n    let detectedCountryCode = '';\r\n    let locationValue = '';\r\n    const idioma = path.includes(\"\/en\/\") ? \"en\" : path.includes(\"\/es\/\") ? \"es\" : \"pt\";\r\n    const textos = textosPorIdioma[idioma];\r\n\r\n    \/\/ Set placeholders\r\n    document.getElementById('nome').placeholder = textos.placeholderNome;\r\n    document.getElementById('email').placeholder = textos.placeholderEmail;\r\n    document.getElementById('telefone').placeholder = textos.placeholderTelefone;\r\n    document.getElementById('empresa').placeholder = textos.placeholderEmpresa;\r\n    document.getElementById('mensagem').placeholder = textos.placeholderMensagem;\r\n\r\n    const formHeader = document.getElementById('formHeader');\r\n    formHeader.innerHTML = textos.header;\r\n\r\n    const closeBtn = document.createElement('span');\r\n    closeBtn.id = 'closeBtn';\r\n    closeBtn.innerHTML = '\u2716';\r\n    Object.assign(closeBtn.style, {\r\n      position: 'absolute', right: '10px', top: '10px',\r\n      width: '22px', height: '22px', backgroundColor: 'white',\r\n      color: '#0d5c4b', border: '1px solid #ccc',\r\n      borderRadius: '50%', display: 'flex',\r\n      alignItems: 'center', justifyContent: 'center',\r\n      fontSize: '14px', fontWeight: 'bold',\r\n      cursor: 'pointer', boxShadow: '0 1px 3px rgba(0,0,0,0.1)'\r\n    });\r\n    closeBtn.addEventListener('click', () => {\r\n      formPopup.style.display = 'none';\r\n    });\r\n    formHeader.appendChild(closeBtn);\r\n\r\n    document.getElementById('checkboxLabel').innerHTML = `<input type=\"checkbox\" id=\"consentimento\" style=\"margin-top: 3px;\"> ${textos.consent}`;\r\n    document.getElementById('privacyText').textContent = textos.privacy;\r\n    document.getElementById('submitBtn').textContent = textos.btn;\r\n\r\n    whatsAppBtn.addEventListener('click', () => {\r\n      formPopup.style.display = formPopup.style.display === 'block' ? 'none' : 'block';\r\n      formPopup.scrollTop = 0;\r\n    });\r\n\r\n    function setLocationField(isInternational, country = '') {\r\n      if (isInternational) {\r\n        locationWrapper.innerHTML = `<input type=\"text\" id=\"pais\" placeholder=\"${textos.placeholderPais}\" value=\"${country}\" required style=\"box-sizing: border-box; width: 100%; padding: 10px; margin-bottom: 10px; border: 1px solid #ccc; border-radius: 4px; font-family: 'Montserrat', sans-serif; background-color: #fff;\">`;\r\n      } else {\r\n        locationWrapper.innerHTML = `<select id=\"estado\" required style=\"box-sizing: border-box; width: 100%; padding: 10px; margin-bottom: 10px; border: 1px solid #ccc; border-radius: 4px; font-family: 'Montserrat', sans-serif; background-color: #fff;\">\r\n          <option value=\"\">${textos.placeholderEstado}<\/option><option value=\"AC\">AC<\/option><option value=\"AL\">AL<\/option><option value=\"AP\">AP<\/option><option value=\"AM\">AM<\/option>\r\n          <option value=\"BA\">BA<\/option><option value=\"CE\">CE<\/option><option value=\"DF\">DF<\/option><option value=\"ES\">ES<\/option><option value=\"GO\">GO<\/option>\r\n          <option value=\"MA\">MA<\/option><option value=\"MT\">MT<\/option><option value=\"MS\">MS<\/option><option value=\"MG\">MG<\/option><option value=\"PA\">PA<\/option>\r\n          <option value=\"PB\">PB<\/option><option value=\"PR\">PR<\/option><option value=\"PE\">PE<\/option><option value=\"PI\">PI<\/option><option value=\"RJ\">RJ<\/option>\r\n          <option value=\"RN\">RN<\/option><option value=\"RS\">RS<\/option><option value=\"RO\">RO<\/option><option value=\"RR\">RR<\/option><option value=\"SC\">SC<\/option>\r\n          <option value=\"SP\">SP<\/option><option value=\"SE\">SE<\/option><option value=\"TO\">TO<\/option><\/select>`;\r\n      }\r\n    }\r\n\r\n    document.getElementById('zapForm').addEventListener('submit', function(e) {\r\n      e.preventDefault();\r\n\r\n      const nome = document.getElementById('nome').value.trim();\r\n      const email = document.getElementById('email').value.trim();\r\n      const telefone = document.getElementById('telefone').value.trim();\r\n      const empresa = document.getElementById('empresa').value.trim();\r\n      const mensagem = document.getElementById('mensagem').value.trim();\r\n      const consentimento = document.getElementById('consentimento').checked;\r\n      const estado = document.getElementById('estado');\r\n      const pais = document.getElementById('pais');\r\n\r\n      if (!nome || !email || !telefone || !empresa || !mensagem || (estado && !estado.value) || (pais && !pais.value)) {\r\n        alert(textos.alert);\r\n        return;\r\n      }\r\n\r\n      locationValue = estado ? estado.value : pais.value;\r\n      const telefoneCompleto = detectedCountryCode ? detectedCountryCode + telefone : telefone;\r\n      const webhookURL = 'https:\/\/SEU_WEBHOOK_AQUI.com'; \/\/ Substitua pela sua URL real\r\n\r\n      fetch(webhookURL, {\r\n        method: 'POST',\r\n        headers: { 'Content-Type': 'application\/json' },\r\n        body: JSON.stringify({\r\n          nome,\r\n          email,\r\n          telefone: telefoneCompleto,\r\n          empresa,\r\n          localizacao: locationValue,\r\n          mensagem,\r\n          consentimento\r\n        })\r\n      }).catch((error) => {\r\n        console.error(\"Erro ao enviar para webhook:\", error);\r\n      });\r\n\r\n      const texto = textos.mensagemWhatsApp(nome, empresa, email, telefoneCompleto, locationValue, mensagem);\r\n      const numeroWhatsApp = '555137782929'; \/\/ Substitua pelo n\u00famero da HIGRA\r\n      const url = `https:\/\/wa.me\/${numeroWhatsApp}?text=${encodeURIComponent(texto)}`;\r\n      window.open(url, '_blank');\r\n\r\n      const currentUrl = window.location.href.split('?')[0];\r\n      window.history.replaceState(null, null, currentUrl + '?whatsapp-submit');\r\n      location.reload();\r\n\r\n      formPopup.style.display = 'none';\r\n    });\r\n\r\n    fetch('https:\/\/ipapi.co\/json\/')\r\n      .then(response => response.json())\r\n      .then(data => {\r\n        detectedCountryCode = data.country_calling_code || '';\r\n        const telefoneInput = document.getElementById('telefone');\r\n        const telefoneWrapper = document.getElementById('telefoneWrapper');\r\n\r\n        if (detectedCountryCode) {\r\n          const wrapper = document.createElement('div');\r\n          wrapper.style.display = 'flex';\r\n          wrapper.style.marginBottom = '10px';\r\n\r\n          const prefixSpan = document.createElement('span');\r\n          prefixSpan.textContent = detectedCountryCode;\r\n          prefixSpan.style.padding = '10px';\r\n          prefixSpan.style.background = '#eee';\r\n          prefixSpan.style.border = '1px solid #ccc';\r\n          prefixSpan.style.borderRight = 'none';\r\n          prefixSpan.style.borderRadius = '4px 0 0 4px';\r\n          prefixSpan.style.fontFamily = 'Montserrat, sans-serif';\r\n          prefixSpan.style.whiteSpace = 'nowrap';\r\n\r\n          const input = telefoneInput.cloneNode();\r\n          input.id = 'telefone';\r\n          input.placeholder = textos.placeholderTelefone; \/\/ Set placeholder here\r\n          input.style.borderRadius = '0 4px 4px 0';\r\n          input.style.borderLeft = 'none';\r\n          input.style.flex = '1';\r\n          input.style.marginBottom = '0';\r\n          input.value = '';\r\n\r\n          telefoneWrapper.innerHTML = '';\r\n          wrapper.appendChild(prefixSpan);\r\n          wrapper.appendChild(input);\r\n          telefoneWrapper.appendChild(wrapper);\r\n        }\r\n\r\n        const isInternational = idioma !== 'pt';\r\n        setLocationField(isInternational, data.country_name || '');\r\n      })\r\n      .catch(error => {\r\n        console.warn(\"Erro ao detectar pa\u00eds:\", error);\r\n        setLocationField(idioma !== 'pt');\r\n      });\r\n  });\r\n<\/script>\t\t\t\t<\/div>\n\t\t\t\t<\/div>\n\t\t\t\t<div class=\"elementor-element elementor-element-2a2d292 elementor-widget elementor-widget-code-highlight\" data-id=\"2a2d292\" data-element_type=\"widget\" data-e-type=\"widget\" data-widget_type=\"code-highlight.default\">\n\t\t\t\t<div class=\"elementor-widget-container\">\n\t\t\t\t\t\t\t<div class=\"prismjs-default copy-to-clipboard \">\n\t\t\t<pre data-line=\"\" class=\"highlight-height language-php line-numbers\">\n\t\t\t\t<code readonly=\"true\" class=\"language-php\">\n\t\t\t\t\t<xmp>add_action('wp_footer', function () {\r\n  \/\/ Verifica se a URL cont\u00e9m ?form-submit\r\n  if (isset($_GET['form-submit'])) {\r\n    $current_url = home_url(add_query_arg(array()));\r\n\r\n    \/\/ Default language is Portuguese\r\n    $thank_you_title = 'Obrigado!';\r\n    $thank_you_message = 'Sua solicita\u00e7\u00e3o foi enviada com sucesso. Em breve entraremos em contato.';\r\n    $close_button_text = 'Fechar';\r\n\r\n    \/\/ Check for English\r\n    if (strpos($current_url, '\/en\/') !== false) {\r\n      $thank_you_title = 'Thank You!';\r\n      $thank_you_message = 'Your request has been sent successfully. We will contact you shortly.';\r\n      $close_button_text = 'Close';\r\n    }\r\n    \/\/ Check for Spanish\r\n    else if (strpos($current_url, '\/es\/') !== false) {\r\n      $thank_you_title = '\u00a1Gracias!';\r\n      $thank_you_message = 'Su solicitud ha sido enviada con \u00e9xito. Nos pondremos en contacto con usted en breve.';\r\n      $close_button_text = 'Cerrar';\r\n    }\r\n    ?>\r\n    <div id=\"popupObrigado\" style=\"\r\n        position: fixed;\r\n        top: 0; left: 0;\r\n        width: 100vw; height: 100vh;\r\n        background: rgba(0, 0, 0, 0.6);\r\n        z-index: 9999;\r\n        display: flex;\r\n        justify-content: center;\r\n        align-items: center;\r\n    \">\r\n      <div style=\"\r\n          background: #fff;\r\n          padding: 30px;\r\n          border-radius: 12px;\r\n          text-align: center;\r\n          max-width: 90%;\r\n          box-shadow: 0 0 20px rgba(0,0,0,0.2);\r\n      \">\r\n        <h2 style=\"color: #0A1F8F;\"><?php echo esc_html($thank_you_title); ?><\/h2>\r\n        <p><?php echo esc_html($thank_you_message); ?><\/p>\r\n        <button onclick=\"fecharPopup()\" style=\"\r\n            margin-top: 20px;\r\n            padding: 10px 20px;\r\n            background-color: #00A0DF;\r\n            color: #ffffff;\r\n            border: none;\r\n            border-radius: 5px;\r\n            cursor: pointer;\r\n        \"><?php echo esc_html($close_button_text); ?><\/button>\r\n      <\/div>\r\n    <\/div>\r\n\r\n    <script>\r\n      function fecharPopup() {\r\n        document.getElementById('popupObrigado').style.display = 'none';\r\n        const url = new URL(window.location);\r\n        url.searchParams.delete('form-submit');\r\n        window.history.replaceState({}, document.title, url.pathname + url.search);\r\n      }\r\n    <\/script>\r\n    <?php\r\n  }\r\n});<\/xmp>\n\t\t\t\t<\/code>\n\t\t\t<\/pre>\n\t\t<\/div>\n\t\t\t\t\t\t<\/div>\n\t\t\t\t<\/div>\n\t\t\t\t\t<\/div>\n\t\t\t\t<\/div>\n\t\t\t\t<\/div>\n\t\t","protected":false},"excerpt":{"rendered":"<p>P\u00e1gina de prueba add_action(&#8216;wp_footer&#8217;, function () { \/\/ Verifica se a URL cont\u00e9m ?form-submit if (isset($_GET[&#8216;form-submit&#8217;])) { $current_url = home_url(add_query_arg(array())); \/\/ Default language is Portuguese $thank_you_title = &#8216;Obrigado!&#8217;; $thank_you_message = &#8216;Sua solicita\u00e7\u00e3o foi enviada com sucesso. Em breve entraremos em contato.&#8217;; $close_button_text = &#8216;Fechar&#8217;; \/\/ Check for English if (strpos($current_url, &#8216;\/en\/&#8217;) !== false) { $thank_you_title [&hellip;]<\/p>\n","protected":false},"author":4,"featured_media":0,"parent":0,"menu_order":0,"comment_status":"closed","ping_status":"closed","template":"","meta":{"footnotes":""},"class_list":["post-25000","page","type-page","status-publish","hentry"],"blocksy_meta":[],"_links":{"self":[{"href":"https:\/\/higra.com.br\/es\/wp-json\/wp\/v2\/pages\/25000","targetHints":{"allow":["GET"]}}],"collection":[{"href":"https:\/\/higra.com.br\/es\/wp-json\/wp\/v2\/pages"}],"about":[{"href":"https:\/\/higra.com.br\/es\/wp-json\/wp\/v2\/types\/page"}],"author":[{"embeddable":true,"href":"https:\/\/higra.com.br\/es\/wp-json\/wp\/v2\/users\/4"}],"replies":[{"embeddable":true,"href":"https:\/\/higra.com.br\/es\/wp-json\/wp\/v2\/comments?post=25000"}],"version-history":[{"count":22,"href":"https:\/\/higra.com.br\/es\/wp-json\/wp\/v2\/pages\/25000\/revisions"}],"predecessor-version":[{"id":25117,"href":"https:\/\/higra.com.br\/es\/wp-json\/wp\/v2\/pages\/25000\/revisions\/25117"}],"wp:attachment":[{"href":"https:\/\/higra.com.br\/es\/wp-json\/wp\/v2\/media?parent=25000"}],"curies":[{"name":"wp","href":"https:\/\/api.w.org\/{rel}","templated":true}]}}