{"id":17633,"date":"2023-03-22T10:56:23","date_gmt":"2023-03-22T13:56:23","guid":{"rendered":"https:\/\/higra.com.br\/politica-de-privacidad\/"},"modified":"2025-07-07T11:07:04","modified_gmt":"2025-07-07T14:07:04","slug":"politica-de-privacidad","status":"publish","type":"page","link":"https:\/\/higra.com.br\/es\/politica-de-privacidad\/","title":{"rendered":"Pol\u00edtica de privacidad"},"content":{"rendered":"\t\t<div data-elementor-type=\"wp-page\" data-elementor-id=\"17633\" class=\"elementor elementor-17633 elementor-3995\" data-elementor-post-type=\"page\">\n\t\t\t\t<div class=\"elementor-element elementor-element-43f7650 e-flex e-con-boxed e-con e-parent\" data-id=\"43f7650\" data-element_type=\"container\" data-e-type=\"container\">\n\t\t\t\t\t<div class=\"e-con-inner\">\n\t\t\t\t<div class=\"elementor-element elementor-element-40e09e4 elementor-widget elementor-widget-spacer\" data-id=\"40e09e4\" data-element_type=\"widget\" data-e-type=\"widget\" data-widget_type=\"spacer.default\">\n\t\t\t\t<div class=\"elementor-widget-container\">\n\t\t\t\t\t\t\t<div class=\"elementor-spacer\">\n\t\t\t<div class=\"elementor-spacer-inner\"><\/div>\n\t\t<\/div>\n\t\t\t\t\t\t<\/div>\n\t\t\t\t<\/div>\n\t\t\t\t<div class=\"elementor-element elementor-element-76f39ea elementor-widget elementor-widget-heading\" data-id=\"76f39ea\" data-element_type=\"widget\" data-e-type=\"widget\" data-widget_type=\"heading.default\">\n\t\t\t\t<div class=\"elementor-widget-container\">\n\t\t\t\t\t<h2 class=\"elementor-heading-title elementor-size-default\">Pol\u00edtica de Privacidad de Higra<\/h2>\t\t\t\t<\/div>\n\t\t\t\t<\/div>\n\t\t\t\t<div class=\"elementor-element elementor-element-4a62d10 elementor-widget elementor-widget-spacer\" data-id=\"4a62d10\" data-element_type=\"widget\" data-e-type=\"widget\" data-widget_type=\"spacer.default\">\n\t\t\t\t<div class=\"elementor-widget-container\">\n\t\t\t\t\t\t\t<div class=\"elementor-spacer\">\n\t\t\t<div class=\"elementor-spacer-inner\"><\/div>\n\t\t<\/div>\n\t\t\t\t\t\t<\/div>\n\t\t\t\t<\/div>\n\t\t\t\t<div class=\"elementor-element elementor-element-d546a19 elementor-widget elementor-widget-text-editor\" data-id=\"d546a19\" data-element_type=\"widget\" data-e-type=\"widget\" data-widget_type=\"text-editor.default\">\n\t\t\t\t<div class=\"elementor-widget-container\">\n\t\t\t\t\t\t\t\t\t<p><strong>INTRODUCCI\u00d3N<\/strong><\/p><p>\u00a0<\/p><p>Higra Industrial Ltda, persona jur\u00eddica de derecho privado, registrada en el CNPJ con el n\u00ba. 04.124.390\/0001-62 (\u00abHigra\u00bb), con sede en la ciudad de S\u00e3o Leopoldo\/RS, se compromete a respetar la privacidad de sus usuarios y clientes, as\u00ed como la protecci\u00f3n y seguridad de sus datos personales.<\/p><p>\u00a0<\/p><p>Esta Pol\u00edtica de Privacidad es el documento a trav\u00e9s del cual HIgra demuestra a los titulares de datos personales, todas las pr\u00e1cticas y procesos adoptados para transparentar la relaci\u00f3n, inform\u00e1ndoles de todos los derechos, garant\u00edas, formas de uso, datos recogidos, tratamiento y eliminaci\u00f3n de toda la informaci\u00f3n personal, en cumplimiento de las normas legales de la legislaci\u00f3n brasile\u00f1a, en particular la Ley 13.709\/2018 (\u00abLGPD\u00bb).<\/p><p>\u00a0<\/p><p><strong>DIRECTRICES Y DEFINICIONES<\/strong><\/p><p>\u00a0<\/p><p>En septiembre de 2020 entr\u00f3 en vigor en Brasil la Ley General de Protecci\u00f3n de Datos (Ley 13.709\/2018), popularmente conocida como LGPD. La ley pretende regular el tratamiento de datos personales con fines transparentes, leg\u00edtimos, expl\u00edcitos e informados, respetando los principios de compatibilidad del tratamiento con los fines informados y de limitaci\u00f3n del tratamiento a lo necesario.<\/p><p>\u00a0<\/p><p>Teniendo esto en cuenta, Higra ha elaborado esta pol\u00edtica para que usted, el interesado, pueda entender c\u00f3mo se procesan sus datos personales.<\/p><p>\u00a0<\/p><p>De este modo, cualquier informaci\u00f3n y\/o dato transmitido por nuestros empleados se proteger\u00e1 de acuerdo con las normas de confidencialidad y s\u00f3lo se utilizar\u00e1 para los fines para los que fue recopilada.<\/p><p>\u00a0<\/p><p>As\u00ed pues, para una mejor comprensi\u00f3n, destaquemos algunos conceptos, cuya base se extrajo del art\u00edculo 5 de la LGPD:<\/p><p>\u00a0<\/p><p>Datos personales: cualquier informaci\u00f3n relativa a una persona f\u00edsica identificada o identificable. En pocas palabras, es cualquier informaci\u00f3n que permita identificar a un individuo, directa o indirectamente, y se consideran datos personales.<\/p><p>\u00a0<\/p><p>Dato(s) personal(es) sensible(s): cualquier dato personal sobre origen racial o \u00e9tnico, convicciones religiosas, opiniones pol\u00edticas, afiliaci\u00f3n sindical u organizaci\u00f3n religiosa, filos\u00f3fica o pol\u00edtica. Tambi\u00e9n los datos relativos a la salud, la vida sexual, los datos gen\u00e9ticos o biom\u00e9tricos.<\/p><p>\u00a0<\/p><p>Encargados del tratamiento: los responsables de tomar las decisiones relativas al tratamiento de datos y de garantizar que sean efectivas.<\/p><p>\u00a0<\/p><p>Tratamiento: cualquier operaci\u00f3n, como la recogida, producci\u00f3n, recepci\u00f3n, clasificaci\u00f3n, utilizaci\u00f3n, acceso, reproducci\u00f3n, transmisi\u00f3n, distribuci\u00f3n, elaboraci\u00f3n, archivo, conservaci\u00f3n, supresi\u00f3n, evaluaci\u00f3n o control de la informaci\u00f3n, modificaci\u00f3n, comunicaci\u00f3n, transferencia, difusi\u00f3n o extracci\u00f3n, efectuada con datos personales.<\/p><p>\u00a0<\/p><p>Responsable del tratamiento: persona f\u00edsica o jur\u00eddica, de derecho p\u00fablico o privado, que es responsable de las decisiones relativas al tratamiento de datos personales;<\/p><p>\u00a0<\/p><p>Operador: persona f\u00edsica o jur\u00eddica, de derecho p\u00fablico o privado, que trata datos personales por cuenta del responsable del tratamiento;<\/p><p>\u00a0<\/p><p>Responsable del tratamiento: persona designada por el responsable del tratamiento y el operador para actuar como canal de comunicaci\u00f3n entre el responsable del tratamiento, los interesados y la ANPD;<\/p><p>\u00a0<\/p><p>La Autoridad Nacional de Protecci\u00f3n de Datos (ANPD) es el organismo de la administraci\u00f3n p\u00fablica encargado de vigilar, aplicar y supervisar el cumplimiento de esta ley en todo el pa\u00eds.<\/p><p>\u00a0<\/p><p>Incidente de Seguridad: incluye el acceso no autorizado y la destrucci\u00f3n, p\u00e9rdida, alteraci\u00f3n, comunicaci\u00f3n o difusi\u00f3n accidental o il\u00edcita, as\u00ed como cualquier otro hecho que resulte en el Tratamiento il\u00edcito o abusivo de Datos Personales y\/o Datos Personales Sensibles;<\/p><p>\u00a0<\/p><p>Reclamaci\u00f3n(es): cualquier reclamaci\u00f3n, cargo, queja y\/o demanda extrajudicial, as\u00ed como cualquier acci\u00f3n, litigio, investigaci\u00f3n, pesquisa, inspecci\u00f3n, procedimiento o proceso (ya sea judicial, arbitral o administrativo) propuesto o iniciado;<\/p><p>\u00a0<\/p><p>Interesado(s): persona f\u00edsica a la que se refieren los datos personales objeto de tratamiento;<\/p><p>\u00a0<\/p><p><strong>DATOS PERSONALES RECOGIDOS Y TRATADOS POR HIGRA<\/strong><\/p><p>\u00a0<\/p><p>Higra recoge, utiliza y procesa datos personales con el fin de proporcionarle servicios, productos e informaci\u00f3n de su inter\u00e9s. La recogida ser\u00e1 totalmente transparente y usted, el propietario, tendr\u00e1 la oportunidad de decidir si la facilita o no.<\/p><p>Los datos personales tratados var\u00edan en funci\u00f3n de las finalidades de uso, incluidas las indicadas en la presente Pol\u00edtica de Privacidad, as\u00ed como de las actividades desarrolladas.<\/p><p>\u00a0<\/p><p>En su caso, Higra podr\u00e1 solicitar su consentimiento mediante el \u00abFormulario de Consentimiento\u00bb. Si decide no proporcionar alguno de los datos solicitados, es posible que Higra no pueda completar su transacci\u00f3n o proporcionarle la informaci\u00f3n sobre los servicios o productos que haya solicitado.<\/p><p>\u00a0<\/p><p>Adem\u00e1s, Higra podr\u00e1 recabar informaci\u00f3n, incluyendo datos personales, cuando usted env\u00ede un formulario o solicitud, tales como: nombre, tel\u00e9fonos de contacto, direcciones de correo electr\u00f3nico, ocupaci\u00f3n, as\u00ed como cualquier otro dato personal que usted proporcione a Higra.<\/p><p>\u00a0<\/p><p><strong>FINALIDAD DE LA RECOGIDA DE DATOS PERSONALES POR HIGRA<\/strong><\/p><p>\u00a0<\/p><p>Los datos personales recogidos por Higra tienen como finalidad el registro de personas interesadas en recibir informaci\u00f3n sobre los productos puestos a disposici\u00f3n por la empresa, env\u00edo de contenidos o noticias sobre nuevos productos, cuya recogida se realizar\u00e1 mediante el suministro espont\u00e1neo por parte del titular de los datos personales. En otras palabras, el objetivo de la recogida de datos personales es proporcionar servicios y contenidos personalizados que respondan a sus necesidades e intereses espec\u00edficos.<\/p><p>\u00a0<\/p><p>Es pertinente aclarar que su informaci\u00f3n puede ser utilizada por Higra para cumplir con nuestras obligaciones contractuales, autenticarlo como usuario y permitirle acceder a ciertas \u00e1reas de nuestro Sitio Web, aplicaciones, sitios de medios sociales o permitirle solicitar una oportunidad en Higra.<\/p><p>\u00a0<\/p><p><strong>BASE JUR\u00cdDICA PARA EL TRATAMIENTO DE LOS DATOS PERSONALES RECOGIDOS<\/strong><\/p><p>\u00a0<\/p><p>De conformidad con el art\u00edculo 7 de la Ley 13.709\/2018, Higra trata los datos personales para los siguientes fines:<\/p><p>I &#8211; mediante el consentimiento del titular;<\/p><p>II &#8211; para el cumplimiento de una obligaci\u00f3n legal o reglamentaria por parte del accionista mayoritario;<\/p><p>III &#8211; por la administraci\u00f3n p\u00fablica, para el tratamiento y uso compartido de datos necesarios para la ejecuci\u00f3n de pol\u00edticas p\u00fablicas previstas en leyes y reglamentos o sustentadas en contratos, convenios o instrumentos similares, con sujeci\u00f3n a lo dispuesto en el Cap\u00edtulo IV de esta Ley;<\/p><p>IV &#8211; para estudios a realizar por un organismo de investigaci\u00f3n, garantizando, siempre que sea posible, la anonimizaci\u00f3n de los datos personales;<\/p><p>V &#8211; cuando sea necesario para la ejecuci\u00f3n de un contrato o de procedimientos preliminares relacionados con un contrato en el que el interesado sea parte, a petici\u00f3n del interesado;<\/p><p>VI &#8211; para el ejercicio regular de derechos en procedimientos judiciales, administrativos o arbitrales, estos \u00faltimos en los t\u00e9rminos de la Ley 9.307 de 23 de septiembre de 1996 (Ley de Arbitraje);<\/p><p>VII &#8211; para la protecci\u00f3n de la vida o la seguridad f\u00edsica del titular o de terceros;<\/p><p>VIII &#8211; para la protecci\u00f3n de la salud, exclusivamente en procedimientos realizados por profesionales sanitarios, servicios de salud o autoridades sanitarias;<\/p><p>IX &#8211; cuando sea necesario para la satisfacci\u00f3n de los intereses leg\u00edtimos del responsable del tratamiento o de un tercero, salvo cuando prevalezcan los derechos y libertades fundamentales del interesado que requieran la protecci\u00f3n de los datos personales; o<\/p><p>X &#8211; para la protecci\u00f3n del cr\u00e9dito, incluidas las disposiciones de la legislaci\u00f3n pertinente.<\/p><p>Todos los procesos operativos que llevan a cabo el tratamiento adecuado de Hygra cumplen al menos uno de los requisitos legales mencionados anteriormente.<\/p><p>\u00a0<\/p><p><strong>\u00bfCU\u00c1LES SON LOS DERECHOS DE LOS PROPIETARIOS?<\/strong><\/p><p>\u00a0<\/p><p>La transparencia sobre el tratamiento de sus datos personales es una prioridad para Higra.<\/p><p>\u00a0<\/p><p>Adem\u00e1s de la informaci\u00f3n establecida en esta Pol\u00edtica de Privacidad, el titular tambi\u00e9n podr\u00e1 ejercer los derechos establecidos en la Ley General de Protecci\u00f3n de Datos, descritos en el art\u00edculo 18:<\/p><p>\u00a0<\/p><p>Derecho de confirmaci\u00f3n y acceso: se refiere a la confirmaci\u00f3n de la posesi\u00f3n de los datos por parte del interesado, indicando la existencia o ausencia de esta informaci\u00f3n en el tratamiento y, en su caso, el derecho a acceder a sus datos personales;<\/p><p>\u00a0<\/p><p>Derecho de rectificaci\u00f3n de sus datos: se trata de corregir los datos personales incompletos, inexactos o caducados;<\/p><p>\u00a0<\/p><p>Derecho de supresi\u00f3n o eliminaci\u00f3n de datos: derecho del interesado a que sus datos se eliminen de la base de datos del responsable del tratamiento;<\/p><p>\u00a0<\/p><p>Derecho a la portabilidad de los datos: el interesado podr\u00e1 solicitar que el responsable del tratamiento transfiera los datos a un nuevo responsable, si \u00e9ste as\u00ed lo desea.<\/p><p>\u00a0<\/p><p>Derecho de oposici\u00f3n: el interesado podr\u00e1 oponerse en cualquier momento, por motivos relacionados con su situaci\u00f3n particular, al tratamiento de los datos personales que le conciernan. Adem\u00e1s, el interesado podr\u00e1 oponerse cuando sus datos se utilicen a efectos de dicha comercializaci\u00f3n.<\/p><p>\u00a0<\/p><p>Derecho a la limitaci\u00f3n del tratamiento de datos: el interesado tiene derecho a la limitaci\u00f3n del tratamiento de sus datos personales, y puede obtenerla cuando se demuestre la inexactitud de los datos, cuando el tratamiento sea il\u00edcito, cuando el responsable ya no necesite los datos para los fines propuestos y se haya opuesto al tratamiento de los mismos, y en caso de tratamiento de datos innecesario;<\/p><p>\u00a0<\/p><p>Derecho a revisar las decisiones automatizadas: el interesado tiene derecho a no ser objeto de ninguna decisi\u00f3n adoptada \u00fanicamente sobre la base de un tratamiento autorizado, incluida la elaboraci\u00f3n de perfiles, que produzca efectos jur\u00eddicos o le afecte significativamente de modo similar. En general, tiene derecho a obtener la intervenci\u00f3n humana, a que se justifique la decisi\u00f3n adoptada tras una evaluaci\u00f3n y a impugnarla.<\/p><p>\u00a0<\/p><p>El titular podr\u00e1 ejercer sus derechos dirigi\u00e9ndose por escrito a nuestros canales de atenci\u00f3n al cliente, especificando los derechos que desea ejercer frente al responsable del tratamiento.<\/p><p>\u00a0<\/p><p><strong>SEGURIDAD DE LOS DATOS PERSONALES TRATADOS<\/strong><\/p><p>\u00a0<\/p><p>La seguridad de sus datos personales es una cuesti\u00f3n importante para Higra, donde nos comprometemos a proteger toda la informaci\u00f3n que recopilamos. Aplicamos medidas administrativas, t\u00e9cnicas y organizativas apropiadas destinadas exclusivamente a proteger los datos personales que nos proporciona o que recopilamos de la destrucci\u00f3n, p\u00e9rdida, alteraci\u00f3n, acceso, divulgaci\u00f3n o uso accidentales, ilegales o no autorizados.<\/p><p>\u00a0<\/p><p>Para garantizar la seguridad, se adoptar\u00e1n soluciones que tengan en cuenta las consideraciones t\u00e9cnicas adecuadas, los costes de aplicaci\u00f3n, la naturaleza, el alcance, el contexto y los fines del tratamiento, as\u00ed como los riesgos para los derechos y libertades del interesado. Sin embargo, debido a la naturaleza de las comunicaciones por Internet, no podemos garantizar que su transmisi\u00f3n a nosotros sea segura.<\/p><p>\u00a0<\/p><p><strong>POL\u00cdTICA DE COOKIES<\/strong><\/p><p>\u00a0<\/p><p>Las cookies son archivos temporales que se guardan en su ordenador, tableta o tel\u00e9fono cuando visita un sitio web. Se utilizan con la finalidad de mejorar las funcionalidades de navegaci\u00f3n y facilitar el acceso de los usuarios, siempre con vistas a mejorar los contenidos y servicios, tales como:<\/p><p>\u00a0<\/p><p>Activar el inicio de sesi\u00f3n seguro<\/p><p>\u00a0<\/p><p>Memorice d\u00f3nde se encuentra durante un pedido<\/p><p>\u00a0<\/p><p>Memorice sus datos de acceso<\/p><p>\u00a0<\/p><p>Memorice lo que hay en su cesta de la compra<\/p><p>\u00a0<\/p><p>Garantizar la coherencia del sitio web<\/p><p>\u00a0<\/p><p>Permitir que las p\u00e1ginas se compartan en las redes sociales<\/p><p>\u00a0<\/p><p>Permitir el env\u00edo de comentarios y darlos a conocer<\/p><p>\u00a0<\/p><p>Ofrecerle publicidad relacionada con sus intereses<\/p><p>\u00a0<\/p><p>Si no desea que las cookies sean accesibles, puede ajustar en cualquier momento la configuraci\u00f3n de su navegador para denegar o desactivar el uso de cookies. Sin embargo, denegar o desactivar las cookies o tecnolog\u00edas similares puede impedirle acceder a algunos de nuestros contenidos o utilizar algunas de las funciones del sitio web.<\/p><p>\u00a0<\/p><p>Es importante destacar que las cookies no se utilizan para determinar la identidad personal de los usuarios que visitan nuestro sitio web.<\/p><p>\u00a0<\/p><p><strong>COOKIES OBLIGATORIAS<\/strong><\/p><p>\u00a0<\/p><p>Estas cookies son necesarias para permitir la funcionalidad del sitio web.<\/p><p>\u00a0<\/p><p><strong>COOKIES FUNCIONALES<\/strong><\/p><p>\u00a0<\/p><p>Estas cookies se utilizan con la finalidad de mejorar las funcionalidades de navegaci\u00f3n y facilitar el acceso de los usuarios, siempre con el objetivo de mejorar los contenidos y servicios.<\/p><p>\u00a0<\/p><p>Cookies publicitarias<\/p><p>\u00a0<\/p><p>Estas cookies se utilizan para publicar anuncios relevantes para sus intereses.<\/p><p>\u00a0<\/p><p>Informaci\u00f3n de las redes sociales<\/p><p>\u00a0<\/p><p>La informaci\u00f3n de redes sociales es cualquier informaci\u00f3n que permitas que una red social de terceros comparta con los desarrolladores de aplicaciones. Para saber c\u00f3mo Higra puede obtener tu informaci\u00f3n de una red social, ve a la p\u00e1gina de configuraci\u00f3n de la red social.<\/p><p>\u00a0<\/p><p><strong>COMPARTIR DATOS CON TERCEROS<\/strong><\/p><p>\u00a0<\/p><p>Higra puede compartir datos personales dentro de su grupo de trabajo o con terceros asociados y autoridades reguladoras, en funci\u00f3n de la finalidad y la necesidad.<\/p><p>\u00a0<\/p><p>Podemos compartir sus datos con<\/p><p>\u00a0<\/p><p>Terceros a los que solicitamos la entrega de un producto o servicio al titular, como servicios de entrega o mensajer\u00eda que entregan los productos que usted ha pedido;<\/p><p>\u00a0<\/p><p>Terceros proveedores de servicios, como empresas que procesan datos para Higra;<\/p><p>\u00a0<\/p><p>Organismos de inspecci\u00f3n u organizaciones p\u00fablicas, cuando hayan seguido los procesos legales adecuados para solicitar que pongamos la informaci\u00f3n a su disposici\u00f3n.<\/p><p>\u00a0<\/p><p>Inquilinos asociados que apoyan los actos organizados por Higra<\/p><p>\u00a0<\/p><p>Adem\u00e1s, Higra tambi\u00e9n podr\u00e1 compartir sus datos personales con empresas, organizaciones o particulares si considera que esta puesta en com\u00fan es necesaria por motivos legales, como por ejemplo, (i) hacer cumplir las condiciones de uso aplicables de los Sitios o Aplicaciones; (ii) investigar posibles infracciones de la legislaci\u00f3n aplicable; (iii) detectar, prevenir y proteger contra el fraude y cualquier vulnerabilidad t\u00e9cnica o de seguridad; y (iv) cumplir las leyes y reglamentos aplicables, cooperar en cualquier investigaci\u00f3n legal y cumplir las \u00f3rdenes de los organismos p\u00fablicos.<\/p><p>\u00a0<\/p><p><strong>TRANSFERENCIA INTERNACIONAL DE DATOS<\/strong><\/p><p>\u00a0<\/p><p>Higra podr\u00e1 transferir sus datos a otros pa\u00edses con fines de tratamiento de datos personales con filiales de Higra o entidades asociadas.<\/p><p>\u00a0<\/p><p>Para llevar a cabo la transferencia internacional de datos, Higra comprobar\u00e1 si existe alguna restricci\u00f3n legal para la empresa asociada que realiza el tratamiento, as\u00ed como si el pa\u00eds de destino ofrece un nivel adecuado de protecci\u00f3n de datos. Si el pa\u00eds de destino no lo ofrece, Higra establecer\u00e1 contractualmente que la empresa receptora deber\u00e1 tener un est\u00e1ndar proporcional de protecci\u00f3n de datos y seguridad de la informaci\u00f3n compatible con esta Pol\u00edtica y con la Ley General de Protecci\u00f3n de Datos (Ley n\u00ba 13.709\/18).<\/p><p>\u00a0<\/p><p><strong>CONSERVACI\u00d3N, RECTIFICACI\u00d3N Y SUPRESI\u00d3N DE DATOS PERSONALES<\/strong><\/p><p>\u00a0<\/p><p>Sus datos personales se almacenar\u00e1n en un entorno seguro durante el periodo necesario para cumplir los fines indicados en el punto 4. No obstante, en cualquier momento puede solicitar la rectificaci\u00f3n o supresi\u00f3n de sus datos personales contenidos en nuestras bases de datos a trav\u00e9s de nuestros canales de atenci\u00f3n al cliente.<\/p><p>\u00a0<\/p><p>En caso de que usted presente una solicitud de supresi\u00f3n, Higra subraya que podr\u00e1 conservar sus datos personales durante un per\u00edodo adicional a efectos de obligaciones legales o reglamentarias, del ejercicio regular de derechos o durante el per\u00edodo que sea conforme con la base jur\u00eddica que justifique dicha conservaci\u00f3n.<\/p><p>\u00a0<\/p><p><strong>CAMBIOS Y ACTUALIZACIONES DE ESTA POL\u00cdTICA DE PRIVACIDAD<\/strong><\/p><p>\u00a0<\/p><p>Higra se reserva el derecho de modificar esta Pol\u00edtica de acuerdo con la legislaci\u00f3n aplicable en cada momento. Si sale una nueva versi\u00f3n, se publicar\u00e1 en este sitio web, indicando su fecha de actualizaci\u00f3n. Si no est\u00e1 de acuerdo con los cambios, puede dejar de utilizarla inmediatamente y puede utilizar los canales de contacto para presentar solicitudes de inter\u00e9s y ejercer sus derechos.<\/p><p>\u00a0<\/p><p><strong>EL RESPONSABLE DE LA PROTECCI\u00d3N DE DATOS<\/strong><\/p><p>\u00a0<\/p><p>De acuerdo con el art\u00edculo 41 de la Ley 13.709. El responsable del tratamiento de los datos es Igor Corr\u00eaa, con quien se puede contactar por correo electr\u00f3nico en la direcci\u00f3n marketing@higra.com.br.<\/p><p>\u00a0<\/p><p><strong>LEGISLACI\u00d3N Y JURISDICCI\u00d3N<\/strong><\/p><p>\u00a0<\/p><p>Esta Pol\u00edtica ser\u00e1 regida, interpretada y aplicada de acuerdo con la legislaci\u00f3n brasile\u00f1a, especialmente la Ley no. 13.709\/2018, siendo competente la jurisdicci\u00f3n del distrito de S\u00e3o Leopoldo\/RS para dirimir cualquier duda derivada de este documento.<\/p><p>\u00a0<\/p><p><strong>INFORMACI\u00d3N DE CONTACTO<\/strong><\/p><p>\u00a0<\/p><p>Si tiene alguna pregunta, comentario o sugerencia sobre nuestra pol\u00edtica de privacidad, o si desea acceder a sus datos personales, corregirlos, actualizarlos o eliminarlos, p\u00f3ngase en contacto con nosotros en las direcciones de correo electr\u00f3nico que figuran a continuaci\u00f3n:<\/p><p>\u00a0<\/p><p>\u00daltima actualizaci\u00f3n: 27 de marzo de 2023.<\/p><p>\u00a0<\/p><p>S\u00e3o Leopoldo-RS, 27 de marzo de 2023.<\/p>\t\t\t\t\t\t\t\t<\/div>\n\t\t\t\t<\/div>\n\t\t\t\t\t<\/div>\n\t\t\t\t<\/div>\n\t\t\t\t<\/div>\n\t\t","protected":false},"excerpt":{"rendered":"<p>Pol\u00edtica de Privacidad de Higra INTRODUCCI\u00d3N \u00a0 Higra Industrial Ltda, persona jur\u00eddica de derecho privado, registrada en el CNPJ con el n\u00ba. 04.124.390\/0001-62 (\u00abHigra\u00bb), con sede en la ciudad de S\u00e3o Leopoldo\/RS, se compromete a respetar la privacidad de sus usuarios y clientes, as\u00ed como la protecci\u00f3n y seguridad de sus datos personales. \u00a0 Esta [&hellip;]<\/p>\n","protected":false},"author":2,"featured_media":0,"parent":0,"menu_order":0,"comment_status":"closed","ping_status":"closed","template":"","meta":{"footnotes":""},"class_list":["post-17633","page","type-page","status-publish","hentry"],"blocksy_meta":[],"_links":{"self":[{"href":"https:\/\/higra.com.br\/es\/wp-json\/wp\/v2\/pages\/17633","targetHints":{"allow":["GET"]}}],"collection":[{"href":"https:\/\/higra.com.br\/es\/wp-json\/wp\/v2\/pages"}],"about":[{"href":"https:\/\/higra.com.br\/es\/wp-json\/wp\/v2\/types\/page"}],"author":[{"embeddable":true,"href":"https:\/\/higra.com.br\/es\/wp-json\/wp\/v2\/users\/2"}],"replies":[{"embeddable":true,"href":"https:\/\/higra.com.br\/es\/wp-json\/wp\/v2\/comments?post=17633"}],"version-history":[{"count":15,"href":"https:\/\/higra.com.br\/es\/wp-json\/wp\/v2\/pages\/17633\/revisions"}],"predecessor-version":[{"id":25278,"href":"https:\/\/higra.com.br\/es\/wp-json\/wp\/v2\/pages\/17633\/revisions\/25278"}],"wp:attachment":[{"href":"https:\/\/higra.com.br\/es\/wp-json\/wp\/v2\/media?parent=17633"}],"curies":[{"name":"wp","href":"https:\/\/api.w.org\/{rel}","templated":true}]}}