{"id":17593,"date":"2023-06-15T14:42:45","date_gmt":"2023-06-15T17:42:45","guid":{"rendered":"https:\/\/higra.com.br\/gestor-de-datos\/"},"modified":"2024-01-16T15:24:20","modified_gmt":"2024-01-16T18:24:20","slug":"gestor-de-datos","status":"publish","type":"page","link":"https:\/\/higra.com.br\/es\/gestor-de-datos\/","title":{"rendered":"Gestor de datos"},"content":{"rendered":"\t\t<div data-elementor-type=\"wp-page\" data-elementor-id=\"17593\" class=\"elementor elementor-17593 elementor-4654\" data-elementor-post-type=\"page\">\n\t\t\t\t<div class=\"elementor-element elementor-element-c1bbd77 e-flex e-con-boxed e-con e-parent\" data-id=\"c1bbd77\" data-element_type=\"container\" data-e-type=\"container\">\n\t\t\t\t\t<div class=\"e-con-inner\">\n\t\t\t\t<div class=\"elementor-element elementor-element-190953d elementor-widget elementor-widget-heading\" data-id=\"190953d\" data-element_type=\"widget\" data-e-type=\"widget\" data-widget_type=\"heading.default\">\n\t\t\t\t<div class=\"elementor-widget-container\">\n\t\t\t\t\t<h1 class=\"elementor-heading-title elementor-size-default\">Controlador de datos<\/h1>\t\t\t\t<\/div>\n\t\t\t\t<\/div>\n\t\t\t\t<div class=\"elementor-element elementor-element-4d15641 elementor-widget elementor-widget-text-editor\" data-id=\"4d15641\" data-element_type=\"widget\" data-e-type=\"widget\" data-widget_type=\"text-editor.default\">\n\t\t\t\t<div class=\"elementor-widget-container\">\n\t\t\t\t\t\t\t\t\t<p>Para desactivar, actualizar o rectificar sus datos, derecho que la ley garantiza al Usuario, deber\u00e1 enviar un correo electr\u00f3nico con la solicitud al Responsable del Tratamiento a la direcci\u00f3n encarregadodedados@higra.com.br.<\/p>\n\t\t\t\t\t\t\t\t<\/div>\n\t\t\t\t<\/div>\n\t\t\t\t\t<\/div>\n\t\t\t\t<\/div>\n\t\t\t\t<\/div>\n\t\t","protected":false},"excerpt":{"rendered":"<p>Controlador de datos Para desactivar, actualizar o rectificar sus datos, derecho que la ley garantiza al Usuario, deber\u00e1 enviar un correo electr\u00f3nico con la solicitud al Responsable del Tratamiento a la direcci\u00f3n encarregadodedados@higra.com.br.<\/p>\n","protected":false},"author":2,"featured_media":0,"parent":0,"menu_order":0,"comment_status":"closed","ping_status":"closed","template":"","meta":{"footnotes":""},"class_list":["post-17593","page","type-page","status-publish","hentry"],"blocksy_meta":[],"_links":{"self":[{"href":"https:\/\/higra.com.br\/es\/wp-json\/wp\/v2\/pages\/17593","targetHints":{"allow":["GET"]}}],"collection":[{"href":"https:\/\/higra.com.br\/es\/wp-json\/wp\/v2\/pages"}],"about":[{"href":"https:\/\/higra.com.br\/es\/wp-json\/wp\/v2\/types\/page"}],"author":[{"embeddable":true,"href":"https:\/\/higra.com.br\/es\/wp-json\/wp\/v2\/users\/2"}],"replies":[{"embeddable":true,"href":"https:\/\/higra.com.br\/es\/wp-json\/wp\/v2\/comments?post=17593"}],"version-history":[{"count":3,"href":"https:\/\/higra.com.br\/es\/wp-json\/wp\/v2\/pages\/17593\/revisions"}],"predecessor-version":[{"id":17596,"href":"https:\/\/higra.com.br\/es\/wp-json\/wp\/v2\/pages\/17593\/revisions\/17596"}],"wp:attachment":[{"href":"https:\/\/higra.com.br\/es\/wp-json\/wp\/v2\/media?parent=17593"}],"curies":[{"name":"wp","href":"https:\/\/api.w.org\/{rel}","templated":true}]}}