{"id":17509,"date":"2022-06-22T09:24:30","date_gmt":"2022-06-22T12:24:30","guid":{"rendered":"https:\/\/higra.com.br\/pongase-en-contacto-con\/"},"modified":"2026-01-27T14:28:28","modified_gmt":"2026-01-27T17:28:28","slug":"pongase-en-contacto-con","status":"publish","type":"page","link":"https:\/\/higra.com.br\/es\/pongase-en-contacto-con\/","title":{"rendered":"P\u00f3ngase en contacto con"},"content":{"rendered":"\t\t<div data-elementor-type=\"wp-page\" data-elementor-id=\"17509\" class=\"elementor elementor-17509 elementor-198\" data-elementor-post-type=\"page\">\n\t\t\t\t<div class=\"elementor-element elementor-element-32e9f47 e-con-full e-flex e-con e-parent\" data-id=\"32e9f47\" data-element_type=\"container\" data-e-type=\"container\" data-settings=\"{&quot;background_background&quot;:&quot;classic&quot;}\">\n\t\t\t\t<div class=\"elementor-element elementor-element-a8d4698 elementor-widget elementor-widget-heading\" data-id=\"a8d4698\" data-element_type=\"widget\" data-e-type=\"widget\" data-widget_type=\"heading.default\">\n\t\t\t\t<div class=\"elementor-widget-container\">\n\t\t\t\t\t<h1 class=\"elementor-heading-title elementor-size-default\">P\u00f3ngase en contacto con<\/h1>\t\t\t\t<\/div>\n\t\t\t\t<\/div>\n\t\t\t\t<\/div>\n\t\t\t\t<section class=\"elementor-section elementor-top-section elementor-element elementor-element-456e2cd elementor-section-boxed elementor-section-height-default elementor-section-height-default\" data-id=\"456e2cd\" data-element_type=\"section\" data-e-type=\"section\">\n\t\t\t\t\t\t<div class=\"elementor-container elementor-column-gap-default\">\n\t\t\t\t\t<div class=\"elementor-column elementor-col-50 elementor-top-column elementor-element elementor-element-8dd44e7\" data-id=\"8dd44e7\" data-element_type=\"column\" data-e-type=\"column\">\n\t\t\t<div class=\"elementor-widget-wrap elementor-element-populated\">\n\t\t\t\t\t\t<div class=\"elementor-element elementor-element-910e020 elementor-widget elementor-widget-html\" data-id=\"910e020\" data-element_type=\"widget\" data-e-type=\"widget\" data-widget_type=\"html.default\">\n\t\t\t\t<div class=\"elementor-widget-container\">\n\t\t\t\t\t<style>\r\n.form-control {\r\n    background-color: #fff !important;\r\n    border-radius: 8px !important;\r\n    border-color: #00a0df !important;\r\n    padding-top: .75rem !important;\r\n    padding-bottom: .75rem !important;\r\n    font-family: montserrat !important;\r\n}\r\n<\/style>\r\n\r\n<script type=\"text\/javascript\" id=\"XtwqLEWbmZ67w-IyIFkon-script\" src=\"https:\/\/sprinthub-api-master.sprinthub.app\/f\/XtwqLEWbmZ67w-IyIFkon?i=higra.sprinthub.app\"><\/script>\t\t\t\t<\/div>\n\t\t\t\t<\/div>\n\t\t\t\t\t<\/div>\n\t\t<\/div>\n\t\t\t\t<div class=\"elementor-column elementor-col-50 elementor-top-column elementor-element elementor-element-438c9d2\" data-id=\"438c9d2\" data-element_type=\"column\" data-e-type=\"column\">\n\t\t\t<div class=\"elementor-widget-wrap elementor-element-populated\">\n\t\t\t\t\t\t<div class=\"elementor-element elementor-element-e284e4b elementor-widget elementor-widget-heading\" data-id=\"e284e4b\" data-element_type=\"widget\" data-e-type=\"widget\" data-widget_type=\"heading.default\">\n\t\t\t\t<div class=\"elementor-widget-container\">\n\t\t\t\t\t<h2 class=\"elementor-heading-title elementor-size-default\">P\u00f3ngase en contacto con nosotros<\/h2>\t\t\t\t<\/div>\n\t\t\t\t<\/div>\n\t\t\t\t<div class=\"elementor-element elementor-element-a5df094 elementor-widget elementor-widget-text-editor\" data-id=\"a5df094\" data-element_type=\"widget\" data-e-type=\"widget\" data-widget_type=\"text-editor.default\">\n\t\t\t\t<div class=\"elementor-widget-container\">\n\t\t\t\t\t\t\t\t\t<p>Rua Dilceu Elias de Moura, 345, Bairro Arroio da Manteiga<br>S\u00e3o Leopoldo\/RS, Brasil, CEP 93135-390<\/p>\t\t\t\t\t\t\t\t<\/div>\n\t\t\t\t<\/div>\n\t\t\t\t<div class=\"elementor-element elementor-element-6a64c2d elementor-widget elementor-widget-heading\" data-id=\"6a64c2d\" data-element_type=\"widget\" data-e-type=\"widget\" data-widget_type=\"heading.default\">\n\t\t\t\t<div class=\"elementor-widget-container\">\n\t\t\t\t\t<h3 class=\"elementor-heading-title elementor-size-default\">+55 51 3778-2929<\/h3>\t\t\t\t<\/div>\n\t\t\t\t<\/div>\n\t\t\t\t<div class=\"elementor-element elementor-element-3c9f828 elementor-widget elementor-widget-google_maps\" data-id=\"3c9f828\" data-element_type=\"widget\" data-e-type=\"widget\" data-widget_type=\"google_maps.default\">\n\t\t\t\t<div class=\"elementor-widget-container\">\n\t\t\t\t\t\t\t<div class=\"elementor-custom-embed\">\n\t\t\t<iframe loading=\"lazy\"\n\t\t\t\t\tsrc=\"https:\/\/maps.google.com\/maps?q=Rua%20Dilceu%20Elias%20de%20Moura%2C%20345&#038;t=m&#038;z=10&#038;output=embed&#038;iwloc=near\"\n\t\t\t\t\ttitle=\"Rua Dilceu Elias de Moura, 345\"\n\t\t\t\t\taria-label=\"Rua Dilceu Elias de Moura, 345\"\n\t\t\t><\/iframe>\n\t\t<\/div>\n\t\t\t\t\t\t<\/div>\n\t\t\t\t<\/div>\n\t\t\t\t\t<\/div>\n\t\t<\/div>\n\t\t\t\t\t<\/div>\n\t\t<\/section>\n\t\t\t\t<\/div>\n\t\t","protected":false},"excerpt":{"rendered":"<p>P\u00f3ngase en contacto con P\u00f3ngase en contacto con nosotros Rua Dilceu Elias de Moura, 345, Bairro Arroio da ManteigaS\u00e3o Leopoldo\/RS, Brasil, CEP 93135-390 +55 51 3778-2929<\/p>\n","protected":false},"author":3,"featured_media":0,"parent":0,"menu_order":0,"comment_status":"closed","ping_status":"closed","template":"","meta":{"footnotes":""},"class_list":["post-17509","page","type-page","status-publish","hentry"],"blocksy_meta":[],"_links":{"self":[{"href":"https:\/\/higra.com.br\/es\/wp-json\/wp\/v2\/pages\/17509","targetHints":{"allow":["GET"]}}],"collection":[{"href":"https:\/\/higra.com.br\/es\/wp-json\/wp\/v2\/pages"}],"about":[{"href":"https:\/\/higra.com.br\/es\/wp-json\/wp\/v2\/types\/page"}],"author":[{"embeddable":true,"href":"https:\/\/higra.com.br\/es\/wp-json\/wp\/v2\/users\/3"}],"replies":[{"embeddable":true,"href":"https:\/\/higra.com.br\/es\/wp-json\/wp\/v2\/comments?post=17509"}],"version-history":[{"count":26,"href":"https:\/\/higra.com.br\/es\/wp-json\/wp\/v2\/pages\/17509\/revisions"}],"predecessor-version":[{"id":29019,"href":"https:\/\/higra.com.br\/es\/wp-json\/wp\/v2\/pages\/17509\/revisions\/29019"}],"wp:attachment":[{"href":"https:\/\/higra.com.br\/es\/wp-json\/wp\/v2\/media?parent=17509"}],"curies":[{"name":"wp","href":"https:\/\/api.w.org\/{rel}","templated":true}]}}