{"id":17502,"date":"2023-10-23T12:15:34","date_gmt":"2023-10-23T15:15:34","guid":{"rendered":"https:\/\/higra.com.br\/quienes-somos\/"},"modified":"2025-06-27T15:48:09","modified_gmt":"2025-06-27T18:48:09","slug":"quienes-somos","status":"publish","type":"page","link":"https:\/\/higra.com.br\/es\/quienes-somos\/","title":{"rendered":"Qui\u00e9nes somos"},"content":{"rendered":"\t\t<div data-elementor-type=\"wp-page\" data-elementor-id=\"17502\" class=\"elementor elementor-17502 elementor-6152\" data-elementor-post-type=\"page\">\n\t\t\t\t\t\t<section class=\"elementor-section elementor-top-section elementor-element elementor-element-4bd1fa58 ct-section-stretched elementor-section-boxed elementor-section-height-default elementor-section-height-default\" data-id=\"4bd1fa58\" data-element_type=\"section\" data-e-type=\"section\">\n\t\t\t\t\t\t<div class=\"elementor-container elementor-column-gap-default\">\n\t\t\t\t\t<div class=\"elementor-column elementor-col-50 elementor-top-column elementor-element elementor-element-41894577\" data-id=\"41894577\" data-element_type=\"column\" data-e-type=\"column\">\n\t\t\t<div class=\"elementor-widget-wrap elementor-element-populated\">\n\t\t\t\t\t\t<div class=\"elementor-element elementor-element-13d32795 elementor-widget elementor-widget-heading\" data-id=\"13d32795\" data-element_type=\"widget\" data-e-type=\"widget\" data-widget_type=\"heading.default\">\n\t\t\t\t<div class=\"elementor-widget-container\">\n\t\t\t\t\t<h2 class=\"elementor-heading-title elementor-size-default\">ADN HIGRA<\/h2>\t\t\t\t<\/div>\n\t\t\t\t<\/div>\n\t\t\t\t<div class=\"elementor-element elementor-element-1e2c11d elementor-widget elementor-widget-text-editor\" data-id=\"1e2c11d\" data-element_type=\"widget\" data-e-type=\"widget\" data-widget_type=\"text-editor.default\">\n\t\t\t\t<div class=\"elementor-widget-container\">\n\t\t\t\t\t\t\t\t\t<p>La sostenibilidad es lo que nos mueve. Y los vectores financiero, social, medioambiental y cultural convergen en el mismo punto: un futuro mejor. Entendemos que cada acci\u00f3n que emprendamos hoy tendr\u00e1 un impacto positivo o negativo en las generaciones futuras. Somos los ingenieros de nuestro propio futuro. Al fin y al cabo, el futuro no nos pertenece, pero mejorarlo forma parte de nuestro presente.<\/p><p>\u00a0<\/p><p>Navegamos en un mar de innovaci\u00f3n y tecnolog\u00eda, en busca de un mundo en el que todo el ciclo del agua sea eficiente. Prometemos facilitar el uso de recursos naturales abundantes que se consideran escasos por su dif\u00edcil acceso, como el agua, de forma ecol\u00f3gicamente correcta, socialmente justa, culturalmente aceptada y financieramente viable.<\/p><p>\u00a0<\/p><p>Imaginamos un futuro de abundancia y energ\u00eda eterna, construyendo un legado de sostenibilidad. Mediante el desarrollo de tecnolog\u00edas innovadoras y disruptivas para mover fluidos, pretendemos recuperar o ahorrar la energ\u00eda desperdiciada a lo largo del ciclo del agua.<\/p>\t\t\t\t\t\t\t\t<\/div>\n\t\t\t\t<\/div>\n\t\t\t\t\t<\/div>\n\t\t<\/div>\n\t\t\t\t<div class=\"elementor-column elementor-col-50 elementor-top-column elementor-element elementor-element-6f9990c8\" data-id=\"6f9990c8\" data-element_type=\"column\" data-e-type=\"column\">\n\t\t\t<div class=\"elementor-widget-wrap elementor-element-populated\">\n\t\t\t\t\t\t<div class=\"elementor-element elementor-element-356f7713 elementor-widget elementor-widget-image\" data-id=\"356f7713\" data-element_type=\"widget\" data-e-type=\"widget\" data-widget_type=\"image.default\">\n\t\t\t\t<div class=\"elementor-widget-container\">\n\t\t\t\t\t\t\t\t\t\t\t\t\t\t\t<img decoding=\"async\" src=\"https:\/\/higra.com.br\/wp-content\/uploads\/elementor\/thumbs\/DJI_0877-qgnlumo6533sjroxh25g8b18x18128gr0rqjhs20rk.jpg\" title=\"default\" alt=\"A\u00e9reo F\u00e1brica HIGRA\" loading=\"lazy\" \/>\t\t\t\t\t\t\t\t\t\t\t\t\t\t\t<\/div>\n\t\t\t\t<\/div>\n\t\t\t\t\t<\/div>\n\t\t<\/div>\n\t\t\t\t\t<\/div>\n\t\t<\/section>\n\t\t\t\t<section class=\"elementor-section elementor-top-section elementor-element elementor-element-8bd796d ct-section-stretched elementor-section-boxed elementor-section-height-default elementor-section-height-default\" data-id=\"8bd796d\" data-element_type=\"section\" data-e-type=\"section\" data-settings=\"{&quot;background_background&quot;:&quot;classic&quot;}\">\n\t\t\t\t\t\t<div class=\"elementor-container elementor-column-gap-default\">\n\t\t\t\t\t<div class=\"elementor-column elementor-col-100 elementor-top-column elementor-element elementor-element-daa02e6\" data-id=\"daa02e6\" data-element_type=\"column\" data-e-type=\"column\">\n\t\t\t<div class=\"elementor-widget-wrap elementor-element-populated\">\n\t\t\t\t<div class=\"elementor-element elementor-element-5028455 e-ecs-flex e-flex e-con-boxed e-con e-parent\" data-id=\"5028455\" data-element_type=\"container\" data-e-type=\"container\" data-settings=\"{&quot;ecs_container_type&quot;:&quot;flex&quot;}\">\n\t\t\t\t\t<div class=\"e-con-inner\">\n\t\t\t\t<div class=\"elementor-element elementor-element-8a7b8ef elementor-widget elementor-widget-heading\" data-id=\"8a7b8ef\" data-element_type=\"widget\" data-e-type=\"widget\" data-widget_type=\"heading.default\">\n\t\t\t\t<div class=\"elementor-widget-container\">\n\t\t\t\t\t<h3 class=\"elementor-heading-title elementor-size-default\">El futuro no nos pertenece, pero mejorarlo forma parte de nuestro presente.<\/h3>\t\t\t\t<\/div>\n\t\t\t\t<\/div>\n\t\t<div class=\"elementor-element elementor-element-4b8301d e-con-full e-ecs-flex e-flex e-con e-child\" data-id=\"4b8301d\" data-element_type=\"container\" data-e-type=\"container\" data-settings=\"{&quot;ecs_container_type&quot;:&quot;flex&quot;}\">\n\t\t<div class=\"elementor-element elementor-element-34cd608 e-con-full e-ecs-flex e-flex e-con e-child\" data-id=\"34cd608\" data-element_type=\"container\" data-e-type=\"container\" data-settings=\"{&quot;ecs_container_type&quot;:&quot;flex&quot;}\">\n\t\t\t\t<div class=\"elementor-element elementor-element-26584b4 elementor-widget elementor-widget-image\" data-id=\"26584b4\" data-element_type=\"widget\" data-e-type=\"widget\" data-widget_type=\"image.default\">\n\t\t\t\t<div class=\"elementor-widget-container\">\n\t\t\t\t\t\t\t\t\t\t\t\t\t\t\t<img fetchpriority=\"high\" decoding=\"async\" width=\"1024\" height=\"1024\" src=\"https:\/\/higra.com.br\/wp-content\/uploads\/2025\/06\/Ativo-1000001-1024x1024.png\" class=\"attachment-large size-large wp-image-24744\" alt=\"\" srcset=\"https:\/\/higra.com.br\/wp-content\/uploads\/2025\/06\/Ativo-1000001-1024x1024.png 1024w, https:\/\/higra.com.br\/wp-content\/uploads\/2025\/06\/Ativo-1000001-300x300.png 300w, https:\/\/higra.com.br\/wp-content\/uploads\/2025\/06\/Ativo-1000001-150x150.png 150w, https:\/\/higra.com.br\/wp-content\/uploads\/2025\/06\/Ativo-1000001-768x768.png 768w, https:\/\/higra.com.br\/wp-content\/uploads\/2025\/06\/Ativo-1000001.png 1148w\" sizes=\"(max-width: 1024px) 100vw, 1024px\" title=\"\">\t\t\t\t\t\t\t\t\t\t\t\t\t\t\t<\/div>\n\t\t\t\t<\/div>\n\t\t\t\t<div class=\"elementor-element elementor-element-6589540 elementor-widget elementor-widget-heading\" data-id=\"6589540\" data-element_type=\"widget\" data-e-type=\"widget\" data-widget_type=\"heading.default\">\n\t\t\t\t<div class=\"elementor-widget-container\">\n\t\t\t\t\t<h4 class=\"elementor-heading-title elementor-size-default\">Misi\u00f3n<\/h4>\t\t\t\t<\/div>\n\t\t\t\t<\/div>\n\t\t\t\t<div class=\"elementor-element elementor-element-97b0b65 elementor-widget elementor-widget-text-editor\" data-id=\"97b0b65\" data-element_type=\"widget\" data-e-type=\"widget\" data-widget_type=\"text-editor.default\">\n\t\t\t\t<div class=\"elementor-widget-container\">\n\t\t\t\t\t\t\t\t\t<p>Crear soluciones tecnol\u00f3gicas que transformen el ciclo del agua en un modelo sostenible, eficiente e innovador<\/p>\t\t\t\t\t\t\t\t<\/div>\n\t\t\t\t<\/div>\n\t\t\t\t<\/div>\n\t\t<div class=\"elementor-element elementor-element-4e664c6 e-con-full e-ecs-flex e-flex e-con e-child\" data-id=\"4e664c6\" data-element_type=\"container\" data-e-type=\"container\" data-settings=\"{&quot;ecs_container_type&quot;:&quot;flex&quot;}\">\n\t\t\t\t<div class=\"elementor-element elementor-element-8177422 elementor-widget elementor-widget-image\" data-id=\"8177422\" data-element_type=\"widget\" data-e-type=\"widget\" data-widget_type=\"image.default\">\n\t\t\t\t<div class=\"elementor-widget-container\">\n\t\t\t\t\t\t\t\t\t\t\t\t\t\t\t<img decoding=\"async\" width=\"1024\" height=\"1024\" src=\"https:\/\/higra.com.br\/wp-content\/uploads\/2025\/06\/Ativo-1100001-1024x1024.png\" class=\"attachment-large size-large wp-image-24750\" alt=\"\" srcset=\"https:\/\/higra.com.br\/wp-content\/uploads\/2025\/06\/Ativo-1100001-1024x1024.png 1024w, https:\/\/higra.com.br\/wp-content\/uploads\/2025\/06\/Ativo-1100001-300x300.png 300w, https:\/\/higra.com.br\/wp-content\/uploads\/2025\/06\/Ativo-1100001-150x150.png 150w, https:\/\/higra.com.br\/wp-content\/uploads\/2025\/06\/Ativo-1100001-768x769.png 768w, https:\/\/higra.com.br\/wp-content\/uploads\/2025\/06\/Ativo-1100001.png 1246w\" sizes=\"(max-width: 1024px) 100vw, 1024px\" title=\"\">\t\t\t\t\t\t\t\t\t\t\t\t\t\t\t<\/div>\n\t\t\t\t<\/div>\n\t\t\t\t<div class=\"elementor-element elementor-element-e862e60 elementor-widget elementor-widget-heading\" data-id=\"e862e60\" data-element_type=\"widget\" data-e-type=\"widget\" data-widget_type=\"heading.default\">\n\t\t\t\t<div class=\"elementor-widget-container\">\n\t\t\t\t\t<h4 class=\"elementor-heading-title elementor-size-default\">Visi\u00f3n<\/h4>\t\t\t\t<\/div>\n\t\t\t\t<\/div>\n\t\t\t\t<div class=\"elementor-element elementor-element-ce3243b elementor-widget elementor-widget-text-editor\" data-id=\"ce3243b\" data-element_type=\"widget\" data-e-type=\"widget\" data-widget_type=\"text-editor.default\">\n\t\t\t\t<div class=\"elementor-widget-container\">\n\t\t\t\t\t\t\t\t\t<p>Estar a la vanguardia del juego infinito, liderando el ciclo del agua a nivel mundial con soluciones que conviertan los retos en oportunidades.<\/p>\t\t\t\t\t\t\t\t<\/div>\n\t\t\t\t<\/div>\n\t\t\t\t<\/div>\n\t\t<div class=\"elementor-element elementor-element-275cecb e-con-full e-ecs-flex e-flex e-con e-child\" data-id=\"275cecb\" data-element_type=\"container\" data-e-type=\"container\" data-settings=\"{&quot;ecs_container_type&quot;:&quot;flex&quot;}\">\n\t\t\t\t<div class=\"elementor-element elementor-element-133163d elementor-widget elementor-widget-image\" data-id=\"133163d\" data-element_type=\"widget\" data-e-type=\"widget\" data-widget_type=\"image.default\">\n\t\t\t\t<div class=\"elementor-widget-container\">\n\t\t\t\t\t\t\t\t\t\t\t\t\t\t\t<img decoding=\"async\" width=\"967\" height=\"1024\" src=\"https:\/\/higra.com.br\/wp-content\/uploads\/2025\/06\/Ativo-900001-967x1024.png\" class=\"attachment-large size-large wp-image-24747\" alt=\"\" srcset=\"https:\/\/higra.com.br\/wp-content\/uploads\/2025\/06\/Ativo-900001-967x1024.png 967w, https:\/\/higra.com.br\/wp-content\/uploads\/2025\/06\/Ativo-900001-283x300.png 283w, https:\/\/higra.com.br\/wp-content\/uploads\/2025\/06\/Ativo-900001-768x814.png 768w, https:\/\/higra.com.br\/wp-content\/uploads\/2025\/06\/Ativo-900001.png 1348w\" sizes=\"(max-width: 967px) 100vw, 967px\" title=\"\">\t\t\t\t\t\t\t\t\t\t\t\t\t\t\t<\/div>\n\t\t\t\t<\/div>\n\t\t\t\t<div class=\"elementor-element elementor-element-cad7377 elementor-widget elementor-widget-heading\" data-id=\"cad7377\" data-element_type=\"widget\" data-e-type=\"widget\" data-widget_type=\"heading.default\">\n\t\t\t\t<div class=\"elementor-widget-container\">\n\t\t\t\t\t<h4 class=\"elementor-heading-title elementor-size-default\">Valores<\/h4>\t\t\t\t<\/div>\n\t\t\t\t<\/div>\n\t\t\t\t<div class=\"elementor-element elementor-element-05d95a3 elementor-widget elementor-widget-text-editor\" data-id=\"05d95a3\" data-element_type=\"widget\" data-e-type=\"widget\" data-widget_type=\"text-editor.default\">\n\t\t\t\t<div class=\"elementor-widget-container\">\n\t\t\t\t\t\t\t\t\t<p>Habilidad | Innovaci\u00f3n | Ganar-ganar | Resiliencia | Acci\u00f3n<\/p>\t\t\t\t\t\t\t\t<\/div>\n\t\t\t\t<\/div>\n\t\t\t\t<\/div>\n\t\t\t\t<\/div>\n\t\t\t\t\t<\/div>\n\t\t\t\t<\/div>\n\t\t\t\t\t<\/div>\n\t\t<\/div>\n\t\t\t\t\t<\/div>\n\t\t<\/section>\n\t\t\t\t<section class=\"elementor-section elementor-top-section elementor-element elementor-element-75ea6558 ct-section-stretched elementor-section-full_width elementor-section-height-default elementor-section-height-default\" data-id=\"75ea6558\" data-element_type=\"section\" data-e-type=\"section\" data-settings=\"{&quot;background_background&quot;:&quot;classic&quot;}\">\n\t\t\t\t\t\t<div class=\"elementor-container elementor-column-gap-default\">\n\t\t\t\t\t<div class=\"elementor-column elementor-col-50 elementor-top-column elementor-element elementor-element-51e5adc6\" data-id=\"51e5adc6\" data-element_type=\"column\" data-e-type=\"column\">\n\t\t\t<div class=\"elementor-widget-wrap elementor-element-populated\">\n\t\t\t\t\t\t<div class=\"elementor-element elementor-element-5ee49295 elementor-widget elementor-widget-image\" data-id=\"5ee49295\" data-element_type=\"widget\" data-e-type=\"widget\" data-widget_type=\"image.default\">\n\t\t\t\t<div class=\"elementor-widget-container\">\n\t\t\t\t\t\t\t\t\t\t\t\t\t\t\t<img loading=\"lazy\" decoding=\"async\" width=\"1083\" height=\"531\" src=\"https:\/\/higra.com.br\/wp-content\/uploads\/2023\/10\/Captura-de-tela-2023-07-26-175850.png\" class=\"attachment-full size-full wp-image-14714\" alt=\"\" srcset=\"https:\/\/higra.com.br\/wp-content\/uploads\/2023\/10\/Captura-de-tela-2023-07-26-175850.png 1083w, https:\/\/higra.com.br\/wp-content\/uploads\/2023\/10\/Captura-de-tela-2023-07-26-175850-300x147.png 300w, https:\/\/higra.com.br\/wp-content\/uploads\/2023\/10\/Captura-de-tela-2023-07-26-175850-1024x502.png 1024w, https:\/\/higra.com.br\/wp-content\/uploads\/2023\/10\/Captura-de-tela-2023-07-26-175850-768x377.png 768w\" sizes=\"(max-width: 1083px) 100vw, 1083px\" title=\"\">\t\t\t\t\t\t\t\t\t\t\t\t\t\t\t<\/div>\n\t\t\t\t<\/div>\n\t\t\t\t\t<\/div>\n\t\t<\/div>\n\t\t\t\t<div class=\"elementor-column elementor-col-50 elementor-top-column elementor-element elementor-element-1df3c992\" data-id=\"1df3c992\" data-element_type=\"column\" data-e-type=\"column\" data-settings=\"{&quot;background_background&quot;:&quot;classic&quot;}\">\n\t\t\t<div class=\"elementor-widget-wrap elementor-element-populated\">\n\t\t\t\t\t\t<div class=\"elementor-element elementor-element-5676907 elementor-widget elementor-widget-heading\" data-id=\"5676907\" data-element_type=\"widget\" data-e-type=\"widget\" data-widget_type=\"heading.default\">\n\t\t\t\t<div class=\"elementor-widget-container\">\n\t\t\t\t\t<h3 class=\"elementor-heading-title elementor-size-default\">D\u00f3nde estamos<\/h3>\t\t\t\t<\/div>\n\t\t\t\t<\/div>\n\t\t\t\t<div class=\"elementor-element elementor-element-655e0502 elementor-widget elementor-widget-heading\" data-id=\"655e0502\" data-element_type=\"widget\" data-e-type=\"widget\" data-widget_type=\"heading.default\">\n\t\t\t\t<div class=\"elementor-widget-container\">\n\t\t\t\t\t<h2 class=\"elementor-heading-title elementor-size-default\">La tecnolog\u00eda anfibia desarrollada por HIGRA es 100% brasile\u00f1a. Hoy, esta soluci\u00f3n \u00fanica est\u00e1 derribando fronteras y ya es una realidad en las tres Am\u00e9ricas, Asia, Ocean\u00eda y \u00c1frica.\n<br><br>M\u00e1s de 9.000 m\u00e1quinas HIGRA est\u00e1n en funcionamiento en distintas regiones del mundo, ofreciendo resultados en sectores estrat\u00e9gicos de la econom\u00eda.<\/h2>\t\t\t\t<\/div>\n\t\t\t\t<\/div>\n\t\t\t\t\t<\/div>\n\t\t<\/div>\n\t\t\t\t\t<\/div>\n\t\t<\/section>\n\t\t\t\t<section class=\"elementor-section elementor-top-section elementor-element elementor-element-3912cea1 ct-section-stretched elementor-section-boxed elementor-section-height-default elementor-section-height-default\" data-id=\"3912cea1\" data-element_type=\"section\" data-e-type=\"section\" data-settings=\"{&quot;background_background&quot;:&quot;classic&quot;}\">\n\t\t\t\t\t\t<div class=\"elementor-container elementor-column-gap-default\">\n\t\t\t\t\t<div class=\"elementor-column elementor-col-33 elementor-top-column elementor-element elementor-element-273d5992\" data-id=\"273d5992\" data-element_type=\"column\" data-e-type=\"column\">\n\t\t\t<div class=\"elementor-widget-wrap elementor-element-populated\">\n\t\t\t\t\t\t<div class=\"elementor-element elementor-element-3cae62e8 elementor-widget elementor-widget-counter\" data-id=\"3cae62e8\" data-element_type=\"widget\" data-e-type=\"widget\" data-widget_type=\"counter.default\">\n\t\t\t\t<div class=\"elementor-widget-container\">\n\t\t\t\t\t\t\t<div class=\"elementor-counter\">\n\t\t\t<div class=\"elementor-counter-title\">A\u00f1os de experiencia<\/div>\t\t\t<div class=\"elementor-counter-number-wrapper\">\n\t\t\t\t<span class=\"elementor-counter-number-prefix\">+<\/span>\n\t\t\t\t<span class=\"elementor-counter-number\" data-duration=\"2000\" data-to-value=\"45\" data-from-value=\"\" data-delimiter=\".\"><\/span>\n\t\t\t\t<span class=\"elementor-counter-number-suffix\"><\/span>\n\t\t\t<\/div>\n\t\t<\/div>\n\t\t\t\t\t\t<\/div>\n\t\t\t\t<\/div>\n\t\t\t\t\t<\/div>\n\t\t<\/div>\n\t\t\t\t<div class=\"elementor-column elementor-col-33 elementor-top-column elementor-element elementor-element-193d94a8\" data-id=\"193d94a8\" data-element_type=\"column\" data-e-type=\"column\">\n\t\t\t<div class=\"elementor-widget-wrap elementor-element-populated\">\n\t\t\t\t\t\t<div class=\"elementor-element elementor-element-671e03ea elementor-widget-tablet__width-initial elementor-widget-mobile__width-initial elementor-widget elementor-widget-counter\" data-id=\"671e03ea\" data-element_type=\"widget\" data-e-type=\"widget\" data-widget_type=\"counter.default\">\n\t\t\t\t<div class=\"elementor-widget-container\">\n\t\t\t\t\t\t\t<div class=\"elementor-counter\">\n\t\t\t<div class=\"elementor-counter-title\">Pa\u00edses<\/div>\t\t\t<div class=\"elementor-counter-number-wrapper\">\n\t\t\t\t<span class=\"elementor-counter-number-prefix\"><\/span>\n\t\t\t\t<span class=\"elementor-counter-number\" data-duration=\"2000\" data-to-value=\"14\" data-from-value=\"\" data-delimiter=\".\"><\/span>\n\t\t\t\t<span class=\"elementor-counter-number-suffix\"><\/span>\n\t\t\t<\/div>\n\t\t<\/div>\n\t\t\t\t\t\t<\/div>\n\t\t\t\t<\/div>\n\t\t\t\t\t<\/div>\n\t\t<\/div>\n\t\t\t\t<div class=\"elementor-column elementor-col-33 elementor-top-column elementor-element elementor-element-2d0faefb\" data-id=\"2d0faefb\" data-element_type=\"column\" data-e-type=\"column\">\n\t\t\t<div class=\"elementor-widget-wrap elementor-element-populated\">\n\t\t\t\t\t\t<div class=\"elementor-element elementor-element-1c084b6a elementor-widget elementor-widget-counter\" data-id=\"1c084b6a\" data-element_type=\"widget\" data-e-type=\"widget\" data-widget_type=\"counter.default\">\n\t\t\t\t<div class=\"elementor-widget-container\">\n\t\t\t\t\t\t\t<div class=\"elementor-counter\">\n\t\t\t<div class=\"elementor-counter-title\">Equipos fabricados<\/div>\t\t\t<div class=\"elementor-counter-number-wrapper\">\n\t\t\t\t<span class=\"elementor-counter-number-prefix\">+<\/span>\n\t\t\t\t<span class=\"elementor-counter-number\" data-duration=\"2000\" data-to-value=\"9000\" data-from-value=\"\" data-delimiter=\".\"><\/span>\n\t\t\t\t<span class=\"elementor-counter-number-suffix\"><\/span>\n\t\t\t<\/div>\n\t\t<\/div>\n\t\t\t\t\t\t<\/div>\n\t\t\t\t<\/div>\n\t\t\t\t\t<\/div>\n\t\t<\/div>\n\t\t\t\t\t<\/div>\n\t\t<\/section>\n\t\t\t\t<\/div>\n\t\t","protected":false},"excerpt":{"rendered":"<p>ADN HIGRA La sostenibilidad es lo que nos mueve. Y los vectores financiero, social, medioambiental y cultural convergen en el mismo punto: un futuro mejor. Entendemos que cada acci\u00f3n que emprendamos hoy tendr\u00e1 un impacto positivo o negativo en las generaciones futuras. Somos los ingenieros de nuestro propio futuro. Al fin y al cabo, el [&hellip;]<\/p>\n","protected":false},"author":2,"featured_media":0,"parent":0,"menu_order":0,"comment_status":"closed","ping_status":"closed","template":"","meta":{"footnotes":""},"class_list":["post-17502","page","type-page","status-publish","hentry"],"blocksy_meta":[],"_links":{"self":[{"href":"https:\/\/higra.com.br\/es\/wp-json\/wp\/v2\/pages\/17502","targetHints":{"allow":["GET"]}}],"collection":[{"href":"https:\/\/higra.com.br\/es\/wp-json\/wp\/v2\/pages"}],"about":[{"href":"https:\/\/higra.com.br\/es\/wp-json\/wp\/v2\/types\/page"}],"author":[{"embeddable":true,"href":"https:\/\/higra.com.br\/es\/wp-json\/wp\/v2\/users\/2"}],"replies":[{"embeddable":true,"href":"https:\/\/higra.com.br\/es\/wp-json\/wp\/v2\/comments?post=17502"}],"version-history":[{"count":20,"href":"https:\/\/higra.com.br\/es\/wp-json\/wp\/v2\/pages\/17502\/revisions"}],"predecessor-version":[{"id":24895,"href":"https:\/\/higra.com.br\/es\/wp-json\/wp\/v2\/pages\/17502\/revisions\/24895"}],"wp:attachment":[{"href":"https:\/\/higra.com.br\/es\/wp-json\/wp\/v2\/media?parent=17502"}],"curies":[{"name":"wp","href":"https:\/\/api.w.org\/{rel}","templated":true}]}}